{"id":4790,"date":"2019-09-18T12:05:01","date_gmt":"2019-09-18T10:05:01","guid":{"rendered":"https:\/\/viladalmatino.com\/brela\/"},"modified":"2023-12-23T15:19:13","modified_gmt":"2023-12-23T14:19:13","slug":"brela","status":"publish","type":"page","link":"https:\/\/viladalmatino.com\/de\/brela\/","title":{"rendered":"Brela"},"content":{"rendered":"\n<div class=\"wp-block-columns has-2-columns is-layout-flex wp-container-core-columns-is-layout-1 wp-block-columns-is-layout-flex\">\n<div class=\"wp-block-column is-layout-flow wp-block-column-is-layout-flow\">\n<div class=\"wp-block-getwid-advanced-heading\" style=\"margin-bottom:40px\"><h2 class=\"wp-block-getwid-advanced-heading__content\">Beeindruckende Natur<\/h2><\/div>\n\n\n\n<div class=\"wp-block-getwid-advanced-spacer getwid-hide-desktop getwid-hide-tablet\" style=\"height:10px\" aria-hidden=\"true\"><\/div>\n\n\n\n<p>Willkommen in Brela \u2013 dem Juwel der kroatischen Adriak\u00fcste! Brela liegt an der Riviera von Makarska und ist ein Synonym f\u00fcr unber\u00fchrte Natur, kristallklares Meer und unglaubliche Gastfreundschaft. Diese kleine Stadt begeistert Besucher mit ihrer malerischen K\u00fcste, die sich \u00fcber 6 Kilometer mit wundersch\u00f6nen Str\u00e4nden, Kiesbuchten und versteckten H\u00f6hlen erstreckt.<\/p>\n\n\n\n<p>Brela ist auch f\u00fcr sein reiches kulturelles Erbe bekannt, das sich in traditionellen dalmatinischen H\u00e4usern, Kirchen und Denkm\u00e4lern widerspiegelt.<\/p>\n<\/div>\n\n\n\n<div class=\"wp-block-column is-layout-flow wp-block-column-is-layout-flow\">\n<p>Genie\u00dfen Sie einen Spaziergang durch die engen Steingassen dieses kleinen Fischerortes und entdecken Sie die tiefe Verbindung mit Tradition und Geschichte.<\/p>\n\n\n\n<p>Auch Aktivurlauber finden rund um Brel viel zu entdecken. Der Berg Biokovo bietet hervorragende M\u00f6glichkeiten zum Wandern, Radfahren und einen spektakul\u00e4ren Panoramablick auf die K\u00fcste. Der Biokovo-Nationalpark ist eine echte Naturoase, die Naturliebhaber und Abenteurer anzieht.<\/p>\n\n\n\n<p>Nachdem Sie alle Sch\u00f6nheiten von Brela genossen haben, kehren Sie in den Komfort der Villa Dalmatino zur\u00fcck und entspannen Sie sich mit dem Besten, was Dalmatien zu bieten hat. Brela ist Ihr Tor zum Paradies an der Adriak\u00fcste und wir freuen uns darauf, Ihnen bei der Erkundung dieser wundersch\u00f6nen Gegend behilflich zu sein.<\/p>\n<\/div>\n<\/div>\n\n\n\n<div style=\"height:47px\" aria-hidden=\"true\" class=\"wp-block-spacer\"><\/div>\n\n\n\n<div class=\"wp-block-columns has-2-columns is-layout-flex wp-container-core-columns-is-layout-2 wp-block-columns-is-layout-flex\">\n<div class=\"wp-block-column is-layout-flow wp-block-column-is-layout-flow\">\n<figure class=\"wp-block-image size-full\"><a href=\"https:\/\/viladalmatino.com\/wp-content\/uploads\/2023\/12\/Brela-08.jpg\" data-lbwps-width=\"1000\" data-lbwps-height=\"1000\" data-lbwps-srcsmall=\"https:\/\/viladalmatino.com\/wp-content\/uploads\/2023\/12\/Brela-08-300x300.jpg\"><img decoding=\"async\" width=\"1000\" height=\"1000\" src=\"https:\/\/viladalmatino.com\/wp-content\/uploads\/2023\/12\/Brela-08.jpg\" alt=\"\" class=\"wp-image-4745\" srcset=\"https:\/\/viladalmatino.com\/wp-content\/uploads\/2023\/12\/Brela-08.jpg 1000w, https:\/\/viladalmatino.com\/wp-content\/uploads\/2023\/12\/Brela-08-300x300.jpg 300w, https:\/\/viladalmatino.com\/wp-content\/uploads\/2023\/12\/Brela-08-150x150.jpg 150w, https:\/\/viladalmatino.com\/wp-content\/uploads\/2023\/12\/Brela-08-768x768.jpg 768w, https:\/\/viladalmatino.com\/wp-content\/uploads\/2023\/12\/Brela-08-500x500.jpg 500w, https:\/\/viladalmatino.com\/wp-content\/uploads\/2023\/12\/Brela-08-400x400.jpg 400w, https:\/\/viladalmatino.com\/wp-content\/uploads\/2023\/12\/Brela-08-892x892.jpg 892w\" sizes=\"(max-width: 1000px) 100vw, 1000px\" \/><\/a><\/figure>\n<\/div>\n\n\n\n<div class=\"wp-block-column is-layout-flow wp-block-column-is-layout-flow\">\n<figure class=\"wp-block-gallery has-nested-images columns-2 is-cropped wp-block-gallery-1 is-layout-flex wp-block-gallery-is-layout-flex\">\n<figure class=\"wp-block-image size-full\"><a href=\"https:\/\/viladalmatino.com\/wp-content\/uploads\/2023\/12\/Brela-07.jpg\" data-lbwps-gid=\"2\" data-lbwps-width=\"1000\" data-lbwps-height=\"1000\" data-lbwps-srcsmall=\"https:\/\/viladalmatino.com\/wp-content\/uploads\/2023\/12\/Brela-07-300x300.jpg\"><img decoding=\"async\" width=\"1000\" height=\"1000\" src=\"https:\/\/viladalmatino.com\/wp-content\/uploads\/2023\/12\/Brela-07.jpg\" alt=\"\" class=\"wp-image-4766\" srcset=\"https:\/\/viladalmatino.com\/wp-content\/uploads\/2023\/12\/Brela-07.jpg 1000w, https:\/\/viladalmatino.com\/wp-content\/uploads\/2023\/12\/Brela-07-300x300.jpg 300w, https:\/\/viladalmatino.com\/wp-content\/uploads\/2023\/12\/Brela-07-150x150.jpg 150w, https:\/\/viladalmatino.com\/wp-content\/uploads\/2023\/12\/Brela-07-768x768.jpg 768w, https:\/\/viladalmatino.com\/wp-content\/uploads\/2023\/12\/Brela-07-500x500.jpg 500w, https:\/\/viladalmatino.com\/wp-content\/uploads\/2023\/12\/Brela-07-400x400.jpg 400w, https:\/\/viladalmatino.com\/wp-content\/uploads\/2023\/12\/Brela-07-892x892.jpg 892w\" sizes=\"(max-width: 1000px) 100vw, 1000px\" \/><\/a><\/figure>\n\n\n\n<figure class=\"wp-block-image size-full\"><a href=\"https:\/\/viladalmatino.com\/wp-content\/uploads\/2019\/10\/Apt1-01.jpg\" data-lbwps-gid=\"2\" data-lbwps-width=\"1000\" data-lbwps-height=\"1000\" data-lbwps-srcsmall=\"https:\/\/viladalmatino.com\/wp-content\/uploads\/2019\/10\/Apt1-01-300x300.jpg\"><img decoding=\"async\" width=\"1000\" height=\"1000\" src=\"https:\/\/viladalmatino.com\/wp-content\/uploads\/2019\/10\/Apt1-01.jpg\" alt=\"\" class=\"wp-image-4653\" srcset=\"https:\/\/viladalmatino.com\/wp-content\/uploads\/2019\/10\/Apt1-01.jpg 1000w, https:\/\/viladalmatino.com\/wp-content\/uploads\/2019\/10\/Apt1-01-300x300.jpg 300w, https:\/\/viladalmatino.com\/wp-content\/uploads\/2019\/10\/Apt1-01-150x150.jpg 150w, https:\/\/viladalmatino.com\/wp-content\/uploads\/2019\/10\/Apt1-01-768x768.jpg 768w, https:\/\/viladalmatino.com\/wp-content\/uploads\/2019\/10\/Apt1-01-500x500.jpg 500w, https:\/\/viladalmatino.com\/wp-content\/uploads\/2019\/10\/Apt1-01-400x400.jpg 400w, https:\/\/viladalmatino.com\/wp-content\/uploads\/2019\/10\/Apt1-01-892x892.jpg 892w\" sizes=\"(max-width: 1000px) 100vw, 1000px\" \/><\/a><\/figure>\n\n\n\n<figure class=\"wp-block-image size-full\"><a href=\"https:\/\/viladalmatino.com\/wp-content\/uploads\/2019\/10\/Apt1-03.jpg\" data-lbwps-gid=\"2\" data-lbwps-width=\"1000\" data-lbwps-height=\"1000\" data-lbwps-srcsmall=\"https:\/\/viladalmatino.com\/wp-content\/uploads\/2019\/10\/Apt1-03-300x300.jpg\"><img decoding=\"async\" width=\"1000\" height=\"1000\" src=\"https:\/\/viladalmatino.com\/wp-content\/uploads\/2019\/10\/Apt1-03.jpg\" alt=\"\" class=\"wp-image-4659\" srcset=\"https:\/\/viladalmatino.com\/wp-content\/uploads\/2019\/10\/Apt1-03.jpg 1000w, https:\/\/viladalmatino.com\/wp-content\/uploads\/2019\/10\/Apt1-03-300x300.jpg 300w, https:\/\/viladalmatino.com\/wp-content\/uploads\/2019\/10\/Apt1-03-150x150.jpg 150w, https:\/\/viladalmatino.com\/wp-content\/uploads\/2019\/10\/Apt1-03-768x768.jpg 768w, https:\/\/viladalmatino.com\/wp-content\/uploads\/2019\/10\/Apt1-03-500x500.jpg 500w, https:\/\/viladalmatino.com\/wp-content\/uploads\/2019\/10\/Apt1-03-400x400.jpg 400w, https:\/\/viladalmatino.com\/wp-content\/uploads\/2019\/10\/Apt1-03-892x892.jpg 892w\" sizes=\"(max-width: 1000px) 100vw, 1000px\" \/><\/a><\/figure>\n\n\n\n<figure class=\"wp-block-image size-full\"><a href=\"https:\/\/viladalmatino.com\/wp-content\/uploads\/2022\/05\/Poluotok-frkanj-10.jpg\" data-lbwps-gid=\"2\" data-lbwps-width=\"768\" data-lbwps-height=\"768\" data-lbwps-srcsmall=\"https:\/\/viladalmatino.com\/wp-content\/uploads\/2022\/05\/Poluotok-frkanj-10-300x300.jpg\"><img decoding=\"async\" src=\"https:\/\/viladalmatino.com\/wp-content\/uploads\/2022\/05\/Poluotok-frkanj-10.jpg\" alt=\"\" class=\"wp-image-2718\"\/><\/a><\/figure>\n<\/figure>\n<\/div>\n<\/div>\n\n\n\n<div style=\"height:20px\" aria-hidden=\"true\" class=\"wp-block-spacer\"><\/div>\n\n\n\n<div class=\"wp-block-columns has-2-columns is-layout-flex wp-container-core-columns-is-layout-3 wp-block-columns-is-layout-flex\">\n<div class=\"wp-block-column is-layout-flow wp-block-column-is-layout-flow\">\n<figure class=\"wp-block-gallery has-nested-images columns-4 is-cropped wp-block-gallery-2 is-layout-flex wp-block-gallery-is-layout-flex\">\n<figure class=\"wp-block-image size-full\"><a href=\"https:\/\/viladalmatino.com\/wp-content\/uploads\/2023\/12\/Brela-06.jpg\" data-lbwps-gid=\"3\" data-lbwps-width=\"1000\" data-lbwps-height=\"1000\" data-lbwps-srcsmall=\"https:\/\/viladalmatino.com\/wp-content\/uploads\/2023\/12\/Brela-06-300x300.jpg\"><img decoding=\"async\" width=\"1000\" height=\"1000\" src=\"https:\/\/viladalmatino.com\/wp-content\/uploads\/2023\/12\/Brela-06.jpg\" alt=\"\" class=\"wp-image-4763\" srcset=\"https:\/\/viladalmatino.com\/wp-content\/uploads\/2023\/12\/Brela-06.jpg 1000w, https:\/\/viladalmatino.com\/wp-content\/uploads\/2023\/12\/Brela-06-300x300.jpg 300w, https:\/\/viladalmatino.com\/wp-content\/uploads\/2023\/12\/Brela-06-150x150.jpg 150w, https:\/\/viladalmatino.com\/wp-content\/uploads\/2023\/12\/Brela-06-768x768.jpg 768w, https:\/\/viladalmatino.com\/wp-content\/uploads\/2023\/12\/Brela-06-500x500.jpg 500w, https:\/\/viladalmatino.com\/wp-content\/uploads\/2023\/12\/Brela-06-400x400.jpg 400w, https:\/\/viladalmatino.com\/wp-content\/uploads\/2023\/12\/Brela-06-892x892.jpg 892w\" sizes=\"(max-width: 1000px) 100vw, 1000px\" \/><\/a><\/figure>\n\n\n\n<figure class=\"wp-block-image size-full\"><a href=\"https:\/\/viladalmatino.com\/wp-content\/uploads\/2023\/12\/Brela-05.jpg\" data-lbwps-gid=\"3\" data-lbwps-width=\"1000\" data-lbwps-height=\"1000\" data-lbwps-srcsmall=\"https:\/\/viladalmatino.com\/wp-content\/uploads\/2023\/12\/Brela-05-300x300.jpg\"><img decoding=\"async\" width=\"1000\" height=\"1000\" src=\"https:\/\/viladalmatino.com\/wp-content\/uploads\/2023\/12\/Brela-05.jpg\" alt=\"\" class=\"wp-image-4760\" srcset=\"https:\/\/viladalmatino.com\/wp-content\/uploads\/2023\/12\/Brela-05.jpg 1000w, https:\/\/viladalmatino.com\/wp-content\/uploads\/2023\/12\/Brela-05-300x300.jpg 300w, https:\/\/viladalmatino.com\/wp-content\/uploads\/2023\/12\/Brela-05-150x150.jpg 150w, https:\/\/viladalmatino.com\/wp-content\/uploads\/2023\/12\/Brela-05-768x768.jpg 768w, https:\/\/viladalmatino.com\/wp-content\/uploads\/2023\/12\/Brela-05-500x500.jpg 500w, https:\/\/viladalmatino.com\/wp-content\/uploads\/2023\/12\/Brela-05-400x400.jpg 400w, https:\/\/viladalmatino.com\/wp-content\/uploads\/2023\/12\/Brela-05-892x892.jpg 892w\" sizes=\"(max-width: 1000px) 100vw, 1000px\" \/><\/a><\/figure>\n\n\n\n<figure class=\"wp-block-image size-full\"><a href=\"https:\/\/viladalmatino.com\/wp-content\/uploads\/2023\/12\/Brela-04.jpg\" data-lbwps-gid=\"3\" data-lbwps-width=\"1000\" data-lbwps-height=\"1000\" data-lbwps-srcsmall=\"https:\/\/viladalmatino.com\/wp-content\/uploads\/2023\/12\/Brela-04-300x300.jpg\"><img decoding=\"async\" width=\"1000\" height=\"1000\" src=\"https:\/\/viladalmatino.com\/wp-content\/uploads\/2023\/12\/Brela-04.jpg\" alt=\"\" class=\"wp-image-4757\" srcset=\"https:\/\/viladalmatino.com\/wp-content\/uploads\/2023\/12\/Brela-04.jpg 1000w, https:\/\/viladalmatino.com\/wp-content\/uploads\/2023\/12\/Brela-04-300x300.jpg 300w, https:\/\/viladalmatino.com\/wp-content\/uploads\/2023\/12\/Brela-04-150x150.jpg 150w, https:\/\/viladalmatino.com\/wp-content\/uploads\/2023\/12\/Brela-04-768x768.jpg 768w, https:\/\/viladalmatino.com\/wp-content\/uploads\/2023\/12\/Brela-04-500x500.jpg 500w, https:\/\/viladalmatino.com\/wp-content\/uploads\/2023\/12\/Brela-04-400x400.jpg 400w, https:\/\/viladalmatino.com\/wp-content\/uploads\/2023\/12\/Brela-04-892x892.jpg 892w\" sizes=\"(max-width: 1000px) 100vw, 1000px\" \/><\/a><\/figure>\n\n\n\n<figure class=\"wp-block-image size-full\"><a href=\"https:\/\/viladalmatino.com\/wp-content\/uploads\/2023\/12\/Brela-03.jpg\" data-lbwps-gid=\"3\" data-lbwps-width=\"1000\" data-lbwps-height=\"1000\" data-lbwps-srcsmall=\"https:\/\/viladalmatino.com\/wp-content\/uploads\/2023\/12\/Brela-03-300x300.jpg\"><img decoding=\"async\" width=\"1000\" height=\"1000\" src=\"https:\/\/viladalmatino.com\/wp-content\/uploads\/2023\/12\/Brela-03.jpg\" alt=\"\" class=\"wp-image-4754\" srcset=\"https:\/\/viladalmatino.com\/wp-content\/uploads\/2023\/12\/Brela-03.jpg 1000w, https:\/\/viladalmatino.com\/wp-content\/uploads\/2023\/12\/Brela-03-300x300.jpg 300w, https:\/\/viladalmatino.com\/wp-content\/uploads\/2023\/12\/Brela-03-150x150.jpg 150w, https:\/\/viladalmatino.com\/wp-content\/uploads\/2023\/12\/Brela-03-768x768.jpg 768w, https:\/\/viladalmatino.com\/wp-content\/uploads\/2023\/12\/Brela-03-500x500.jpg 500w, https:\/\/viladalmatino.com\/wp-content\/uploads\/2023\/12\/Brela-03-400x400.jpg 400w, https:\/\/viladalmatino.com\/wp-content\/uploads\/2023\/12\/Brela-03-892x892.jpg 892w\" sizes=\"(max-width: 1000px) 100vw, 1000px\" \/><\/a><\/figure>\n<\/figure>\n<\/div>\n<\/div>\n\n\n\n<div style=\"height:25px\" aria-hidden=\"true\" class=\"wp-block-spacer\"><\/div>\n\n\n\n<hr class=\"wp-block-separator has-css-opacity is-style-wide\"\/>\n\n\n\n<div style=\"height:20px\" aria-hidden=\"true\" class=\"wp-block-spacer\"><\/div>\n\n\n\n<div class=\"wp-block-getwid-section getwid-margin-bottom-none\"><div class=\"wp-block-getwid-section__wrapper getwid-padding-left-normal getwid-padding-right-normal getwid-padding-mobile-left-small getwid-padding-mobile-right-small\" style=\"padding-top:80px;padding-bottom:60px\"><div class=\"wp-block-getwid-section__inner-wrapper\"><div class=\"wp-block-getwid-section__background-holder\"><div class=\"wp-block-getwid-section__background has-background has-white-background-color\" style=\"background-image:url('https:\/\/rab.croator.hr\/wp-content\/uploads\/2019\/09\/bg-2.png');background-size:auto\"><div class=\"wp-block-getwid-section__background-image-wrapper\"><img decoding=\"async\" class=\"wp-block-getwid-section__background-image\" src=\"https:\/\/rab.croator.hr\/wp-content\/uploads\/2019\/09\/bg-2.png\" alt=\"\"\/><\/div><\/div><div class=\"wp-block-getwid-section__foreground\"><\/div><\/div><div class=\"wp-block-getwid-section__content\"><div class=\"wp-block-getwid-section__inner-content\">\n<div class=\"wp-block-columns has-2-columns is-layout-flex wp-container-core-columns-is-layout-5 wp-block-columns-is-layout-flex\">\n<div class=\"wp-block-column is-layout-flow wp-block-column-is-layout-flow\">\n<div class=\"wp-block-columns has-2-columns is-layout-flex wp-container-core-columns-is-layout-4 wp-block-columns-is-layout-flex\">\n<div class=\"wp-block-column is-layout-flow wp-block-column-is-layout-flow\">\n<figure class=\"wp-block-image size-full hide-mobile\"><img decoding=\"async\" width=\"576\" height=\"1024\" src=\"https:\/\/viladalmatino.com\/wp-content\/uploads\/2023\/12\/Villa-Dalmatino-Brela-Pregled.jpg\" alt=\"\" class=\"wp-image-4602\" srcset=\"https:\/\/viladalmatino.com\/wp-content\/uploads\/2023\/12\/Villa-Dalmatino-Brela-Pregled.jpg 576w, https:\/\/viladalmatino.com\/wp-content\/uploads\/2023\/12\/Villa-Dalmatino-Brela-Pregled-169x300.jpg 169w\" sizes=\"(max-width: 576px) 100vw, 576px\" \/><\/figure>\n<\/div>\n\n\n\n<div class=\"wp-block-column is-layout-flow wp-block-column-is-layout-flow\">\n<div class=\"wp-block-getwid-advanced-spacer getwid-hide-mobile\" style=\"height:130px\" aria-hidden=\"true\"><\/div>\n\n\n\n<figure class=\"wp-block-image size-full\"><img decoding=\"async\" width=\"576\" height=\"1024\" src=\"https:\/\/viladalmatino.com\/wp-content\/uploads\/2023\/12\/VD-stubiste.jpg\" alt=\"\" class=\"wp-image-4595\" srcset=\"https:\/\/viladalmatino.com\/wp-content\/uploads\/2023\/12\/VD-stubiste.jpg 576w, https:\/\/viladalmatino.com\/wp-content\/uploads\/2023\/12\/VD-stubiste-169x300.jpg 169w\" sizes=\"(max-width: 576px) 100vw, 576px\" \/><\/figure>\n<\/div>\n<\/div>\n<\/div>\n\n\n\n<div class=\"wp-block-column is-layout-flow wp-block-column-is-layout-flow\">\n<div class=\"wp-block-getwid-section getwid-section-content-custom-width\"><div class=\"wp-block-getwid-section__wrapper getwid-padding-top-none getwid-padding-bottom-none getwid-padding-tablet-left-small getwid-padding-mobile-left-none getwid-padding-mobile-right-none getwid-justify-content-flex-start getwid-reset-min-height-mobile\" style=\"min-height:642px;padding-left:70px;padding-right:70px\"><div class=\"wp-block-getwid-section__inner-wrapper\" style=\"max-width:400px\"><div class=\"wp-block-getwid-section__background-holder\"><div class=\"wp-block-getwid-section__background\"><\/div><div class=\"wp-block-getwid-section__foreground\"><\/div><\/div><div class=\"wp-block-getwid-section__content\"><div class=\"wp-block-getwid-section__inner-content\">\n<div class=\"wp-block-getwid-advanced-heading\" style=\"margin-bottom:30px\"><h2 class=\"wp-block-getwid-advanced-heading__content\">Habe Fragen?<\/h2><\/div>\n\n\n\n<p>Unsere Villa, Villa Dalmatino, liegt stolz in dieser Ecke des Paradieses und bietet Ihnen die M\u00f6glichkeit, den ganzen Charme dieses mediterranen Juwels zu genie\u00dfen. Sie haben Fragen an uns? Wir sind erreichbar.<\/p>\n\n\n\n<div class=\"wp-block-getwid-advanced-spacer\" style=\"height:10px\" aria-hidden=\"true\"><\/div>\n\n\n\n<div class=\"wp-block-getwid-icon-box has-icon-left has-text-left\"><div style=\"margin-bottom:1px;margin-right:20px\" class=\"wp-block-getwid-icon-box__icon-container is-position-middle\"><div class=\"wp-block-getwid-icon-box__icon-wrapper has-text-color has-black-color\" style=\"font-size:18px;padding:0px\"><i class=\"lnr lnr-phone\"><\/i><\/div><\/div><div class=\"wp-block-getwid-icon-box__content\">\n<p><a href=\"tel: 00385915113958\"><strong> +385 (0)91 511 3958<\/strong><\/a><\/p>\n<\/div><\/div>\n\n\n\n<div style=\"height:20px\" aria-hidden=\"true\" class=\"wp-block-spacer\"><\/div>\n\n\n\n<div class=\"wp-block-getwid-advanced-spacer\" style=\"height:20px\" aria-hidden=\"true\"><\/div>\n\n\n\n<div class=\"wp-block-button\"><a class=\"wp-block-button__link wp-element-button\" href=\"\/?page_id=2248\">Kontaktiere uns<\/a><\/div>\n<\/div><\/div><\/div><\/div><\/div>\n<\/div>\n<\/div>\n<\/div><\/div><\/div><\/div><\/div>\n","protected":false},"excerpt":{"rendered":"<p>Brela, die Perle der kroatischen Adriak\u00fcste, ist ein malerisches Reiseziel, das Sie mit seiner nat\u00fcrlichen Sch\u00f6nheit und seinem reichen kulturellen Erbe in seinen Bann ziehen wird. Brela liegt zwischen dem kristallklaren Meer und den Berggipfeln des Biokovo und bietet eine unglaubliche Kombination aus wundersch\u00f6nen Str\u00e4nden, unber\u00fchrter Natur und einer authentischen dalmatinischen Atmosph\u00e4re.<\/p>\n","protected":false},"author":1,"featured_media":4778,"parent":0,"menu_order":0,"comment_status":"closed","ping_status":"closed","template":"template-wide-page.php","meta":{"inline_featured_image":false,"footnotes":""},"_links":{"self":[{"href":"https:\/\/viladalmatino.com\/de\/wp-json\/wp\/v2\/pages\/4790"}],"collection":[{"href":"https:\/\/viladalmatino.com\/de\/wp-json\/wp\/v2\/pages"}],"about":[{"href":"https:\/\/viladalmatino.com\/de\/wp-json\/wp\/v2\/types\/page"}],"author":[{"embeddable":true,"href":"https:\/\/viladalmatino.com\/de\/wp-json\/wp\/v2\/users\/1"}],"replies":[{"embeddable":true,"href":"https:\/\/viladalmatino.com\/de\/wp-json\/wp\/v2\/comments?post=4790"}],"version-history":[{"count":4,"href":"https:\/\/viladalmatino.com\/de\/wp-json\/wp\/v2\/pages\/4790\/revisions"}],"predecessor-version":[{"id":4990,"href":"https:\/\/viladalmatino.com\/de\/wp-json\/wp\/v2\/pages\/4790\/revisions\/4990"}],"wp:featuredmedia":[{"embeddable":true,"href":"https:\/\/viladalmatino.com\/de\/wp-json\/wp\/v2\/media\/4778"}],"wp:attachment":[{"href":"https:\/\/viladalmatino.com\/de\/wp-json\/wp\/v2\/media?parent=4790"}],"curies":[{"name":"wp","href":"https:\/\/api.w.org\/{rel}","templated":true}]}}